{"id":2966,"date":"2022-02-20T07:07:33","date_gmt":"2022-02-20T07:07:33","guid":{"rendered":"https:\/\/www.hoteltesselhof.com\/?page_id=2966"},"modified":"2025-06-16T09:45:14","modified_gmt":"2025-06-16T09:45:14","slug":"praktische-information","status":"publish","type":"page","link":"https:\/\/www.hoteltesselhof.com\/de\/praktische-information\/","title":{"rendered":"Praktische Information"},"content":{"rendered":"\n<div class=\"wp-block-stackable-heading stk-block-heading stk-block-heading--v2 stk-block stk-41f6f5a\" id=\"praktische-information\" data-block-id=\"41f6f5a\"><style>.stk-41f6f5a .stk-block-heading__text{line-height:1.2em !important;}<\/style><h1 class=\"stk-block-heading__text has-text-align-center\">Praktische Information<\/h1><\/div>\n\n\n\n<div class=\"wp-block-group is-layout-flow wp-block-group-is-layout-flow\" data-block-type=\"core\">\n<div class=\"wp-block-stackable-heading stk-block-heading stk-block-heading--v2 stk-block stk-8e78d5e\" id=\"adresse\" data-block-id=\"8e78d5e\"><style>.stk-8e78d5e {margin-bottom:0px !important;}<\/style><h2 class=\"stk-block-heading__text has-text-align-left stk-block-heading--use-theme-margins\">Adresse<\/h2><\/div>\n\n\n\n<div class=\"wp-block-stackable-text stk-block-text stk-block stk-30c29da\" data-block-id=\"30c29da\"><p class=\"stk-block-text__text\">Das Hotel befindet sich in der Kaapstraat 39 in De Koog. Ihr Navigationssystem findet die Hausnummer 39 nicht? Die Kaapstraat ist eine kurze Stra\u00dfe, daher ist das Hotel nicht zu \u00fcbersehen.<\/p><\/div>\n<\/div>\n\n\n\n<div class=\"wp-block-group is-layout-flow wp-block-group-is-layout-flow\" data-block-type=\"core\">\n<div class=\"wp-block-stackable-heading stk-block-heading stk-block-heading--v2 stk-block stk-6e81d1c\" id=\"teso\" data-block-id=\"6e81d1c\"><style>.stk-6e81d1c {margin-bottom:0px !important;}<\/style><h2 class=\"stk-block-heading__text has-text-align-left stk-block-heading--use-theme-margins\">TESO<\/h2><\/div>\n\n\n\n<div class=\"wp-block-stackable-text stk-block-text stk-block stk-1b4c5a2\" data-block-id=\"1b4c5a2\"><p class=\"stk-block-text__text\">Um nach Texel zu gelangen, nutzen Sie die F\u00e4hrverbindung zwischen Den Helder und Texel. Weitere Informationen zu Abfahrtszeiten und Kosten finden Sie auf der TESO-Website: <a rel=\"noreferrer noopener\" href=\"https:\/\/www.teso.nl\/de\" target=\"_blank\">www.teso.nl<\/a>. Bei den Tickets ist die R\u00fcckfahrt stetts inbegriffen. Die Tickets m\u00fcssen beim Verlassen der Insel nicht vorzeigt werden.<\/p><\/div>\n<\/div>\n\n\n\n<div id=\"texel-vignette\" class=\"wp-block-group is-layout-flow wp-block-group-is-layout-flow\" data-block-type=\"core\">\n<div class=\"wp-block-stackable-heading stk-block-heading stk-block-heading--v2 stk-block stk-1b4f91d\" id=\"parken-beim-hotel\" data-block-id=\"1b4f91d\"><style>.stk-1b4f91d {margin-bottom:0px !important;}<\/style><h2 class=\"stk-block-heading__text has-text-align-left stk-block-heading--use-theme-margins\">Parken beim Hotel<\/h2><\/div>\n\n\n\n<div class=\"wp-block-stackable-text stk-block-text stk-block stk-84be32c\" data-block-id=\"84be32c\"><p class=\"stk-block-text__text\">Das Hotel verf\u00fcgt \u00fcber einen Parkplatz f\u00fcr G\u00e4ste. Der Parkplatz ist nicht gro\u00df, aber wir tun unser Bestes, um f\u00fcr jeden Gast einen Parkplatz zu finden. Es gilt daher maximal 1 Auto pro reserviertem Zimmer. F\u00fcr Anh\u00e4nger ist kein Platz. Es ist nicht m\u00f6glich, einen Parkplatz im Voraus zu reservieren.<\/p><\/div>\n\n\n\n<div class=\"wp-block-stackable-text stk-block-text stk-block stk-ebcefcf\" data-block-id=\"ebcefcf\"><p class=\"stk-block-text__text\">Die Behindertenparkpl\u00e4tze stehen nur G\u00e4sten zur Verf\u00fcgung, die ein barrierefreies Zimmer gebucht haben.<\/p><\/div>\n<\/div>\n\n\n\n<div id=\"texel-vignette\" class=\"wp-block-group is-layout-flow wp-block-group-is-layout-flow\" data-block-type=\"core\">\n<div class=\"wp-block-stackable-heading stk-block-heading stk-block-heading--v2 stk-block stk-923e501\" id=\"texel-vignette\" data-block-id=\"923e501\"><style>.stk-923e501 {margin-bottom:0px !important;}<\/style><h2 class=\"stk-block-heading__text has-text-align-left stk-block-heading--use-theme-margins\">Texel-Vignette<\/h2><\/div>\n\n\n\n<div class=\"wp-block-stackable-text stk-block-text stk-block stk-b39428e\" data-block-id=\"b39428e\"><p class=\"stk-block-text__text\">Wenn Sie die Insel mit Ihrem Auto erkunden m\u00f6chten, ist es manchmal ratsam, eine Texel-Vignette zu kaufen. Dies ist eine (digitale) Parkkarte, mit der Sie auf den kostenpflichtigen Parkpl\u00e4tzen parken k\u00f6nnen. In allen D\u00f6rfern und bei allen Strandzug\u00e4ngen k\u00f6nnen Sie von 8.00 bis 20.00 Uhr geb\u00fchrenpflichtig parken. Mit der \u201eTexel-Vignette\u201c k\u00f6nnen Sie hier nahezu unbegrenzt parken. Eine maximale Parkzeit gilt nur an besonders stark besuchten Orten (blaue Zonen). An diesen Standorten m\u00fcssen Sie f\u00fcr das Parken keine Parkgeb\u00fchr bezahlen. Sie ben\u00f6tigen dort jedoch eine Parkscheibe.<br>Sie\u00a0<a href=\"https:\/\/www.texelvignet.nl\/de\/\" target=\"_blank\" rel=\"noreferrer noopener\">kaufen eine Texel-Vignette online<\/a>\u00a0oder an einer Parkuhr. Sie k\u00f6nnen auch ein Parkticket pro Stunde am Automaten kaufen.<\/p><\/div>\n<\/div>\n\n\n\n<div class=\"wp-block-group is-layout-flow wp-block-group-is-layout-flow\" data-block-type=\"core\">\n<div class=\"wp-block-stackable-heading stk-block-heading stk-block-heading--v2 stk-block stk-fc8498f\" id=\"offentlicher-personenverkehr\" data-block-id=\"fc8498f\"><style>.stk-fc8498f {margin-bottom:0px !important;}<\/style><h2 class=\"stk-block-heading__text has-text-align-left stk-block-heading--use-theme-margins\">\u00d6ffentlicher Personenverkehr<\/h2><\/div>\n\n\n\n<div class=\"wp-block-stackable-text stk-block-text stk-block stk-27ade5d\" data-block-id=\"27ade5d\"><p class=\"stk-block-text__text\">Auf Texel nutzt man den Texelhopper. Es gibt eine feste Buslinie von der F\u00e4hre \u00fcber Den Burg nach De Koog. Dies ist die Linie 28 und erm\u00f6glicht Ihnen auch die Fahrt von der F\u00e4hre zum Hotel. Steigen Sie an der Haltestelle \u201eNikadel\u201c oder \u201eBadweg\u201c aus. F\u00fcr andere Fahrten m\u00fcssen Sie Texelhopper im Voraus kontaktieren und eine Reservierung vornehmen.<br>Weitere Informationen finden Sie unter: <a href=\"https:\/\/www.texelhopper.nl\/de\/\">www.texelhopper.nl<\/a>.<\/p><\/div>\n<\/div>\n\n\n\n<div class=\"wp-block-group is-layout-flow wp-block-group-is-layout-flow\" data-block-type=\"core\">\n<div class=\"wp-block-stackable-heading stk-block-heading stk-block-heading--v2 stk-block stk-e331324\" id=\"ein-und-auschecken\" data-block-id=\"e331324\"><style>.stk-e331324 {margin-bottom:0px !important;}<\/style><h2 class=\"stk-block-heading__text has-text-align-left stk-block-heading--use-theme-margins\">Ein- und auschecken<\/h2><\/div>\n\n\n\n<div class=\"wp-block-stackable-text stk-block-text stk-block stk-33f5987\" data-block-id=\"33f5987\"><p class=\"stk-block-text__text\">Gerne k\u00f6nnen Sie ab 15:00 Uhr einchecken. Sie sind schon eher auf der Insel? Kommen Sie gerne vorbei und f\u00fcllen Sie das Anmeldeformular aus. Wenn Ihr Zimmer bereits fertig ist, erhalten Sie auch die Schl\u00fcsselkarte. <\/p><\/div>\n\n\n\n<p data-block-type=\"core\">Checken Sie nach 18:00 Uhr ein? Dann teilen Sie uns bitte Ihre voraussichtliche Ankunftszeit mit. Die Rezeption ist von 8:30 bis 22:00 Uhr ge\u00f6ffnet.<\/p>\n\n\n\n<div class=\"wp-block-stackable-text stk-block-text stk-block stk-54cad38\" data-block-id=\"54cad38\"><p class=\"stk-block-text__text\">Check-out muss vor 11 Uhr erfolgen.<\/p><\/div>\n<\/div>\n\n\n\n<div class=\"wp-block-group is-layout-flow wp-block-group-is-layout-flow\" data-block-type=\"core\">\n<div class=\"wp-block-stackable-heading stk-block-heading stk-block-heading--v2 stk-block stk-76d247b\" id=\"nachteingang\" data-block-id=\"76d247b\"><style>.stk-76d247b {margin-bottom:0px !important;}<\/style><h2 class=\"stk-block-heading__text has-text-align-left stk-block-heading--use-theme-margins\">Nachteingang<\/h2><\/div>\n\n\n\n<div class=\"wp-block-stackable-text stk-block-text stk-block stk-bd33756\" data-block-id=\"bd33756\"><p class=\"stk-block-text__text\">Ab 22 Uhr schlie\u00dft der Haupteingang und Sie k\u00f6nnen den Nachteingang nutzen. Der Nachteingang befindet sich auf der Seite des Hotels und kann nur mit Ihrer Schl\u00fcsselkarte ge\u00f6ffnet werden.<\/p><\/div>\n<\/div>\n\n\n\n<div class=\"wp-block-group is-layout-flow wp-block-group-is-layout-flow\" data-block-type=\"core\">\n<div class=\"wp-block-stackable-heading stk-block-heading stk-block-heading--v2 stk-block stk-a34f941\" id=\"fruhstuck\" data-block-id=\"a34f941\"><style>.stk-a34f941 {margin-bottom:0px !important;}<\/style><h2 class=\"stk-block-heading__text has-text-align-left stk-block-heading--use-theme-margins\">Fr\u00fchst\u00fcck<\/h2><\/div>\n\n\n\n<div class=\"wp-block-stackable-text stk-block-text stk-block stk-0e28013\" data-block-id=\"0e28013\"><p class=\"stk-block-text__text\">Alle Hotelzimmer und Suiten werden inklusive Fr\u00fchst\u00fcck gebucht. Das Fr\u00fchst\u00fccksbuffet wird von 08:00 bis 10:00 Uhr in unserem <a href=\"https:\/\/www.hoteltesselhof.com\/de\/restaurant-la-casserole\/\">Restaurant La Casserole<\/a> serviert. <\/p><\/div>\n\n\n\n<div class=\"wp-block-stackable-text stk-block-text stk-block stk-99957e1\" data-block-id=\"99957e1\"><p class=\"stk-block-text__text\">Das Doppelappartement beinhaltet kein Fr\u00fchst\u00fcck, aber Sie k\u00f6nnen dieses nat\u00fcrlich extra buchen.<\/p><\/div>\n<\/div>\n\n\n\n<div class=\"wp-block-group is-layout-flow wp-block-group-is-layout-flow\" data-block-type=\"core\">\n<div class=\"wp-block-stackable-heading stk-block-heading stk-block-heading--v2 stk-block stk-63e84a3\" id=\"hunde\" data-block-id=\"63e84a3\"><style>.stk-63e84a3 {margin-bottom:0px !important;}<\/style><h2 class=\"stk-block-heading__text has-text-align-left stk-block-heading--use-theme-margins\">Hunde<\/h2><\/div>\n\n\n\n<div class=\"wp-block-stackable-text stk-block-text stk-block stk-ccc62d2\" data-block-id=\"ccc62d2\"><p class=\"stk-block-text__text\"><a href=\"https:\/\/www.hoteltesselhof.com\/de\/praktische-information\/hunde\/\">Hunde (maximal 2) sind in einigen Zimmern<\/a> nach vorheriger Ank\u00fcndigung erlaubt. Mit dem <a href=\"https:\/\/www.hoteltesselhof.com\/de\/praktische-information\/hunde\/\">Aufenthalt des Hundes<\/a> sind Kosten verbunden.<\/p><\/div>\n<\/div>\n\n\n\n<div class=\"wp-block-group is-layout-flow wp-block-group-is-layout-flow\" data-block-type=\"core\">\n<div class=\"wp-block-stackable-heading stk-block-heading stk-block-heading--v2 stk-block stk-3a0d23c\" id=\"rauchen\" data-block-id=\"3a0d23c\"><style>.stk-3a0d23c {margin-bottom:0px !important;}<\/style><h2 class=\"stk-block-heading__text has-text-align-left stk-block-heading--use-theme-margins\">Rauchen<\/h2><\/div>\n\n\n\n<div class=\"wp-block-stackable-text stk-block-text stk-block stk-0cbc905\" data-block-id=\"0cbc905\"><p class=\"stk-block-text__text\">Es ist nicht gestattet, im Hotel zu rauchen. Auch nicht mit einer E-Zigarette oder anderen Rauchger\u00e4ten. Auf der Terrasse und dem Balkon d\u00fcrfen Sie rauchen, aber schlie\u00dfen Sie die T\u00fcr oder die Schiebet\u00fcren, damit kein Rauch eindringt. Verwenden Sie einen Aschenbecher.<\/p><\/div>\n<\/div>\n\n\n\n<div class=\"wp-block-group is-layout-flow wp-block-group-is-layout-flow\" data-block-type=\"core\">\n<div class=\"wp-block-stackable-heading stk-block-heading stk-block-heading--v2 stk-block stk-29b8282\" id=\"zustellbetten\" data-block-id=\"29b8282\"><style>.stk-29b8282 {margin-bottom:0px !important;}<\/style><h2 class=\"stk-block-heading__text has-text-align-left stk-block-heading--use-theme-margins\">Zustellbetten<\/h2><\/div>\n\n\n\n<div class=\"wp-block-stackable-text stk-block-text stk-block stk-6ee0d8a\" data-block-id=\"6ee0d8a\"><p class=\"stk-block-text__text\">In einigen Doppelzimmern ist es m\u00f6glich, mit mehr als zwei Personen zu \u00fcbernachten. Wir stellen gegen eine Geb\u00fchr ein zus\u00e4tzliches (Baby-) Bett in das Zimmer. Zustellbetten sind in den Zimmerkategorien <a href=\"https:\/\/www.hoteltesselhof.com\/de\/hotelzimmer\/doppelzimmer\/\" data-type=\"page\" data-id=\"2955\">A<\/a>, <a href=\"https:\/\/www.hoteltesselhof.com\/de\/hotelzimmer\/barrierefreie-zimmer\/\">B<\/a>, <a href=\"https:\/\/www.hoteltesselhof.com\/de\/hotelzimmer\/doppelzimmer\/\">C<\/a>, <a href=\"https:\/\/www.hoteltesselhof.com\/de\/hotelzimmer\/doppelzimmer\/\">D<\/a>, und <a href=\"https:\/\/www.hoteltesselhof.com\/de\/hotelzimmer\/suiten\/\" data-type=\"page\" data-id=\"3001\">F<\/a> m\u00f6glich.<\/p><\/div>\n\n\n\n<div class=\"wp-block-stackable-text stk-block-text stk-block stk-efa778f\" data-block-id=\"efa778f\"><p class=\"stk-block-text__text\">Daher ist eine Belegung mit mehr als zwei Personen in den Zimmertypen <a href=\"https:\/\/www.hoteltesselhof.com\/de\/hotelzimmer\/doppelzimmer\/\">E<\/a>, <a href=\"https:\/\/www.hoteltesselhof.com\/de\/hotelzimmer\/doppelzimmer\/\">G<\/a>, <a href=\"https:\/\/www.hoteltesselhof.com\/de\/hotelzimmer\/doppelzimmer\/\">H<\/a>, <a href=\"https:\/\/www.hoteltesselhof.com\/de\/hotelzimmer\/doppelzimmer\/\">J<\/a> und <a href=\"https:\/\/www.hoteltesselhof.com\/de\/hotelzimmer\/suiten\/\" data-type=\"page\" data-id=\"3001\">R<\/a> nicht m\u00f6glich. Auch nicht, wenn Sie Ihr eigenes Bett mitbringen oder die vorhandenen Betten nutzen. Dies gilt auch f\u00fcr Babys und Kinder.<\/p><\/div>\n<\/div>\n\n\n\n<div class=\"wp-block-group is-layout-flow wp-block-group-is-layout-flow\" data-block-type=\"core\">\n<div class=\"wp-block-stackable-heading stk-block-heading stk-block-heading--v2 stk-block stk-09b670e\" id=\"fahrrader\" data-block-id=\"09b670e\"><style>.stk-09b670e {margin-bottom:0px !important;}<\/style><h2 class=\"stk-block-heading__text has-text-align-left stk-block-heading--use-theme-margins\">Fahrr\u00e4der<\/h2><\/div>\n\n\n\n<div class=\"wp-block-stackable-text stk-block-text stk-block stk-3e44c05\" data-block-id=\"3e44c05\"><p class=\"stk-block-text__text\">Das Hotel verf\u00fcgt \u00fcber einen abgeschlossenen Fahrradschuppen f\u00fcr G\u00e4ste, die ihre eigenen Fahrr\u00e4der mitbringen. Bitte geben Sie beim Check-in an, dass Sie Ihre eigenen Fahrr\u00e4der haben, und wir passen Ihre Schl\u00fcsselkarte f\u00fcr den Zugang zum Schuppen an. Der Platz im Fahrradschuppen ist begrenzt. Wenn im Schuppen kein Platz mehr ist, k\u00f6nnen Sie Ihr Fahrrad drau\u00dfen in den Fahrradst\u00e4ndern abstellen. Eine Platzreservierung im Fahrradschuppen ist nicht m\u00f6glich.<\/p><\/div>\n\n\n\n<div class=\"wp-block-stackable-text stk-block-text stk-block stk-6aa47df\" data-block-id=\"6aa47df\"><p class=\"stk-block-text__text\">Es gibt zwei Fahrradvermietungen in der N\u00e4he des Hotels. Weitere Informationen zu den verschiedenen Fahrradtypen finden Sie auf der Website <a rel=\"noreferrer noopener\" href=\"https:\/\/www.fietsenoptexel.nl\/\" target=\"_blank\">www.fietsenoptexel.nl<\/a> und  <a rel=\"noreferrer noopener\" href=\"https:\/\/www.fietsverhuurdekoog.nl\" target=\"_blank\">www.fietsverhuurdekoog.nl<\/a>.<\/p><\/div>\n\n\n\n<div class=\"wp-block-stackable-text stk-block-text stk-block stk-aa8fc20\" data-block-id=\"aa8fc20\"><p class=\"stk-block-text__text\">Sie k\u00f6nnen auch ein Fahrrad mieten, wenn Sie die F\u00e4hre verlassen, und dann mit dem Fahrrad zum Hotel kommen. Das sind etwa 13 km. Weitere Informationen finden Sie auf dieser Website <a href=\"https:\/\/www.fietsverhuurtexel.nl\/de\">www.fietsverhuurtexel.nl<\/a>.<\/p><\/div>\n<\/div>\n\n\n\n<div class=\"wp-block-group is-layout-flow wp-block-group-is-layout-flow\" data-block-type=\"core\">\n<div class=\"wp-block-stackable-heading stk-block-heading stk-block-heading--v2 stk-block stk-f5aa890\" id=\"winterschliessung\" data-block-id=\"f5aa890\"><style>.stk-f5aa890 {margin-bottom:0px !important;}<\/style><h2 class=\"stk-block-heading__text has-text-align-left stk-block-heading--use-theme-margins\">Winterschlie\u00dfung<\/h2><\/div>\n\n\n\n<div class=\"wp-block-stackable-text stk-block-text stk-block stk-aaa298d\" data-block-id=\"aaa298d\"><p class=\"stk-block-text__text\">In den Wintermonaten (Dezember, Januar und Februar) ist das Hotel geschlossen. Die Rezeption ist ge\u00f6ffnet und hat eingeschr\u00e4nkte \u00d6ffnungszeiten.<\/p><\/div>\n<\/div>\n","protected":false},"excerpt":{"rendered":"<p>Praktische Information Adresse Das Hotel befindet sich in der Kaapstraat 39 in De Koog. Ihr Navigationssystem findet die Hausnummer 39 nicht? Die Kaapstraat ist eine kurze Stra\u00dfe, daher ist das Hotel nicht zu \u00fcbersehen. TESO Um nach Texel zu gelangen, nutzen Sie die F\u00e4hrverbindung zwischen Den Helder und Texel. Weitere Informationen zu Abfahrtszeiten und Kosten [&hellip;]<\/p>\n","protected":false},"author":6,"featured_media":1609,"parent":0,"menu_order":0,"comment_status":"closed","ping_status":"closed","template":"","meta":{"_seopress_robots_primary_cat":"","_seopress_titles_title":"","_seopress_titles_desc":"","_seopress_robots_index":"","footnotes":""},"class_list":["post-2966","page","type-page","status-publish","has-post-thumbnail","hentry"],"blocksy_meta":{"styles_descriptor":{"styles":{"desktop":"","tablet":"","mobile":""},"google_fonts":[],"version":6}},"featured_image_urls_v2":{"full":["https:\/\/www.hoteltesselhof.com\/wp-content\/uploads\/2022\/09\/tesselhof-14.jpg",1500,1123,false],"thumbnail":["https:\/\/www.hoteltesselhof.com\/wp-content\/uploads\/2022\/09\/tesselhof-14-150x150.jpg",150,150,true],"medium":["https:\/\/www.hoteltesselhof.com\/wp-content\/uploads\/2022\/09\/tesselhof-14-300x225.jpg",300,225,true],"medium_large":["https:\/\/www.hoteltesselhof.com\/wp-content\/uploads\/2022\/09\/tesselhof-14-768x575.jpg",768,575,true],"large":["https:\/\/www.hoteltesselhof.com\/wp-content\/uploads\/2022\/09\/tesselhof-14-1024x767.jpg",1024,767,true],"1536x1536":["https:\/\/www.hoteltesselhof.com\/wp-content\/uploads\/2022\/09\/tesselhof-14.jpg",1500,1123,false],"2048x2048":["https:\/\/www.hoteltesselhof.com\/wp-content\/uploads\/2022\/09\/tesselhof-14.jpg",1500,1123,false]},"post_excerpt_stackable_v2":"<p>Praktische Information Adresse Das Hotel befindet sich in der Kaapstraat 39 in De Koog. Ihr Navigationssystem findet die Hausnummer 39 nicht? Die Kaapstraat ist eine kurze Stra\u00dfe, daher ist das Hotel nicht zu \u00fcbersehen. TESO Um nach Texel zu gelangen, nutzen Sie die F\u00e4hrverbindung zwischen Den Helder und Texel. Weitere Informationen zu Abfahrtszeiten und Kosten finden Sie auf der TESO-Website: www.teso.nl. Bei den Tickets ist die R\u00fcckfahrt stetts inbegriffen. Die Tickets m\u00fcssen beim Verlassen der Insel nicht vorzeigt werden. Parken beim Hotel Das Hotel verf\u00fcgt \u00fcber einen Parkplatz f\u00fcr G\u00e4ste. Der Parkplatz ist nicht gro\u00df, aber wir tun unser Bestes,&hellip;<\/p>\n","category_list_v2":"","author_info_v2":{"name":"kwo-admin","url":"https:\/\/www.hoteltesselhof.com\/de\/author\/kwo-admin\/"},"comments_num_v2":"0 comments","_links":{"self":[{"href":"https:\/\/www.hoteltesselhof.com\/de\/wp-json\/wp\/v2\/pages\/2966","targetHints":{"allow":["GET"]}}],"collection":[{"href":"https:\/\/www.hoteltesselhof.com\/de\/wp-json\/wp\/v2\/pages"}],"about":[{"href":"https:\/\/www.hoteltesselhof.com\/de\/wp-json\/wp\/v2\/types\/page"}],"author":[{"embeddable":true,"href":"https:\/\/www.hoteltesselhof.com\/de\/wp-json\/wp\/v2\/users\/6"}],"replies":[{"embeddable":true,"href":"https:\/\/www.hoteltesselhof.com\/de\/wp-json\/wp\/v2\/comments?post=2966"}],"version-history":[{"count":1,"href":"https:\/\/www.hoteltesselhof.com\/de\/wp-json\/wp\/v2\/pages\/2966\/revisions"}],"predecessor-version":[{"id":4081,"href":"https:\/\/www.hoteltesselhof.com\/de\/wp-json\/wp\/v2\/pages\/2966\/revisions\/4081"}],"wp:featuredmedia":[{"embeddable":true,"href":"https:\/\/www.hoteltesselhof.com\/de\/wp-json\/wp\/v2\/media\/1609"}],"wp:attachment":[{"href":"https:\/\/www.hoteltesselhof.com\/de\/wp-json\/wp\/v2\/media?parent=2966"}],"curies":[{"name":"wp","href":"https:\/\/api.w.org\/{rel}","templated":true}]}}