{"id":2741,"date":"2022-09-27T08:16:21","date_gmt":"2022-09-27T08:16:21","guid":{"rendered":"https:\/\/www.hoteltesselhof.com\/?page_id=2741"},"modified":"2022-11-07T11:37:04","modified_gmt":"2022-11-07T11:37:04","slug":"agb","status":"publish","type":"page","link":"https:\/\/www.hoteltesselhof.com\/de\/kontakt\/agb\/","title":{"rendered":"AGB"},"content":{"rendered":"\n<div class=\"wp-block-stackable-heading stk-block-heading stk-block stk-b4c49c3\" id=\"algemene-voorwaarden\" data-block-id=\"b4c49c3\"><h1 class=\"stk-block-heading__text has-text-align-center\">Allgemeine Gesch\u00e4ftsbedingungen<\/h1><\/div>\n\n\n\n<p data-block-type=\"core\">Die einheitlichen Gesch\u00e4ftsbedingungen des Hotel- und Gastst\u00e4ttenverbands (UVH) sind die Gesch\u00e4ftsbedingungen, unter denen die in den Niederlanden ans\u00e4ssigen HOGA-Betriebe, wie Hotels, Restaurants, Caf\u00e9s und verwandte Betriebe (einschlie\u00dflich Catering-Betrieben, Partyservice-Betrieben u.dergl.) HOGA-Dienstleistungen erbringen und HOGA-Vertr\u00e4ge abschlie\u00dfen.<\/p>\n\n\n\n<p data-block-type=\"core\"><a rel=\"noreferrer noopener\" href=\"http:\/\/www.khn.nl\/uvh-du\" target=\"_blank\">Die UVH sind beim Landgericht und der Industrie- und Handelskammer in Den Haag hinterlegt<\/a>.<\/p>\n","protected":false},"excerpt":{"rendered":"<p>Allgemeine Gesch\u00e4ftsbedingungen Die einheitlichen Gesch\u00e4ftsbedingungen des Hotel- und Gastst\u00e4ttenverbands (UVH) sind die Gesch\u00e4ftsbedingungen, unter denen die in den Niederlanden ans\u00e4ssigen HOGA-Betriebe, wie Hotels, Restaurants, Caf\u00e9s und verwandte Betriebe (einschlie\u00dflich Catering-Betrieben, Partyservice-Betrieben u.dergl.) HOGA-Dienstleistungen erbringen und HOGA-Vertr\u00e4ge abschlie\u00dfen. Die UVH sind beim Landgericht und der Industrie- und Handelskammer in Den Haag hinterlegt.<\/p>\n","protected":false},"author":6,"featured_media":1612,"parent":2723,"menu_order":0,"comment_status":"closed","ping_status":"closed","template":"","meta":{"_seopress_robots_primary_cat":"","_seopress_titles_title":"","_seopress_titles_desc":"","_seopress_robots_index":"","footnotes":""},"class_list":["post-2741","page","type-page","status-publish","has-post-thumbnail","hentry"],"blocksy_meta":{"styles_descriptor":{"styles":{"desktop":"","tablet":"","mobile":""},"google_fonts":[],"version":6}},"featured_image_urls_v2":{"full":["https:\/\/www.hoteltesselhof.com\/wp-content\/uploads\/2022\/09\/tesselhof-10-1.jpg",1700,1133,false],"thumbnail":["https:\/\/www.hoteltesselhof.com\/wp-content\/uploads\/2022\/09\/tesselhof-10-1-150x150.jpg",150,150,true],"medium":["https:\/\/www.hoteltesselhof.com\/wp-content\/uploads\/2022\/09\/tesselhof-10-1-300x200.jpg",300,200,true],"medium_large":["https:\/\/www.hoteltesselhof.com\/wp-content\/uploads\/2022\/09\/tesselhof-10-1-768x512.jpg",768,512,true],"large":["https:\/\/www.hoteltesselhof.com\/wp-content\/uploads\/2022\/09\/tesselhof-10-1-1024x682.jpg",1024,682,true],"1536x1536":["https:\/\/www.hoteltesselhof.com\/wp-content\/uploads\/2022\/09\/tesselhof-10-1-1536x1024.jpg",1536,1024,true],"2048x2048":["https:\/\/www.hoteltesselhof.com\/wp-content\/uploads\/2022\/09\/tesselhof-10-1.jpg",1700,1133,false]},"post_excerpt_stackable_v2":"<p>Allgemeine Gesch\u00e4ftsbedingungen Die einheitlichen Gesch\u00e4ftsbedingungen des Hotel- und Gastst\u00e4ttenverbands (UVH) sind die Gesch\u00e4ftsbedingungen, unter denen die in den Niederlanden ans\u00e4ssigen HOGA-Betriebe, wie Hotels, Restaurants, Caf\u00e9s und verwandte Betriebe (einschlie\u00dflich Catering-Betrieben, Partyservice-Betrieben u.dergl.) HOGA-Dienstleistungen erbringen und HOGA-Vertr\u00e4ge abschlie\u00dfen. Die UVH sind beim Landgericht und der Industrie- und Handelskammer in Den Haag hinterlegt.<\/p>\n","category_list_v2":"","author_info_v2":{"name":"kwo-admin","url":"https:\/\/www.hoteltesselhof.com\/de\/author\/kwo-admin\/"},"comments_num_v2":"0 comments","_links":{"self":[{"href":"https:\/\/www.hoteltesselhof.com\/de\/wp-json\/wp\/v2\/pages\/2741","targetHints":{"allow":["GET"]}}],"collection":[{"href":"https:\/\/www.hoteltesselhof.com\/de\/wp-json\/wp\/v2\/pages"}],"about":[{"href":"https:\/\/www.hoteltesselhof.com\/de\/wp-json\/wp\/v2\/types\/page"}],"author":[{"embeddable":true,"href":"https:\/\/www.hoteltesselhof.com\/de\/wp-json\/wp\/v2\/users\/6"}],"replies":[{"embeddable":true,"href":"https:\/\/www.hoteltesselhof.com\/de\/wp-json\/wp\/v2\/comments?post=2741"}],"version-history":[{"count":0,"href":"https:\/\/www.hoteltesselhof.com\/de\/wp-json\/wp\/v2\/pages\/2741\/revisions"}],"up":[{"embeddable":true,"href":"https:\/\/www.hoteltesselhof.com\/de\/wp-json\/wp\/v2\/pages\/2723"}],"wp:featuredmedia":[{"embeddable":true,"href":"https:\/\/www.hoteltesselhof.com\/de\/wp-json\/wp\/v2\/media\/1612"}],"wp:attachment":[{"href":"https:\/\/www.hoteltesselhof.com\/de\/wp-json\/wp\/v2\/media?parent=2741"}],"curies":[{"name":"wp","href":"https:\/\/api.w.org\/{rel}","templated":true}]}}