{"id":2567,"date":"2022-09-27T09:15:20","date_gmt":"2022-09-27T09:15:20","guid":{"rendered":"https:\/\/www.hoteltesselhof.com\/disclaimer\/"},"modified":"2022-11-07T11:39:23","modified_gmt":"2022-11-07T11:39:23","slug":"disclaimer","status":"publish","type":"page","link":"https:\/\/www.hoteltesselhof.com\/de\/kontakt\/disclaimer\/","title":{"rendered":"Disclaimer"},"content":{"rendered":"\n<div class=\"wp-block-stackable-heading stk-block-heading stk-block stk-7dc27c3\" id=\"disclaimer-tesselhof\" data-block-id=\"7dc27c3\"><h1 class=\"stk-block-heading__text has-text-align-center\">Disclaimer Tesselhof<\/h1><\/div>\n\n\n\n<p data-block-type=\"core\">Hotel Tesselhof bem\u00fcht sich, daf\u00fcr zu sorgen, dass die Information, die Sie auf dieser Seite finden k\u00f6nnen, korrekt und vollst\u00e4ndig ist, aber \u00fcbernimmt keine Haftung f\u00fcr Fehler und\/oder fehlende (Teil) Information.<\/p>\n\n\n\n<div class=\"wp-block-stackable-spacer stk-block-spacer stk--no-padding stk-block stk-f23d820\" data-block-id=\"f23d820\"><\/div>\n","protected":false},"excerpt":{"rendered":"<p>Disclaimer Tesselhof Hotel Tesselhof bem\u00fcht sich, daf\u00fcr zu sorgen, dass die Information, die Sie auf dieser Seite finden k\u00f6nnen, korrekt und vollst\u00e4ndig ist, aber \u00fcbernimmt keine Haftung f\u00fcr Fehler und\/oder fehlende (Teil) Information.<\/p>\n","protected":false},"author":6,"featured_media":1612,"parent":2723,"menu_order":0,"comment_status":"closed","ping_status":"closed","template":"","meta":{"_seopress_robots_primary_cat":"","_seopress_titles_title":"","_seopress_titles_desc":"","_seopress_robots_index":"","footnotes":""},"class_list":["post-2567","page","type-page","status-publish","has-post-thumbnail","hentry"],"blocksy_meta":{"styles_descriptor":{"styles":{"desktop":"","tablet":"","mobile":""},"google_fonts":[],"version":6}},"featured_image_urls_v2":{"full":["https:\/\/www.hoteltesselhof.com\/wp-content\/uploads\/2022\/09\/tesselhof-10-1.jpg",1700,1133,false],"thumbnail":["https:\/\/www.hoteltesselhof.com\/wp-content\/uploads\/2022\/09\/tesselhof-10-1-150x150.jpg",150,150,true],"medium":["https:\/\/www.hoteltesselhof.com\/wp-content\/uploads\/2022\/09\/tesselhof-10-1-300x200.jpg",300,200,true],"medium_large":["https:\/\/www.hoteltesselhof.com\/wp-content\/uploads\/2022\/09\/tesselhof-10-1-768x512.jpg",768,512,true],"large":["https:\/\/www.hoteltesselhof.com\/wp-content\/uploads\/2022\/09\/tesselhof-10-1-1024x682.jpg",1024,682,true],"1536x1536":["https:\/\/www.hoteltesselhof.com\/wp-content\/uploads\/2022\/09\/tesselhof-10-1-1536x1024.jpg",1536,1024,true],"2048x2048":["https:\/\/www.hoteltesselhof.com\/wp-content\/uploads\/2022\/09\/tesselhof-10-1.jpg",1700,1133,false]},"post_excerpt_stackable_v2":"<p>Disclaimer Tesselhof Hotel Tesselhof bem\u00fcht sich, daf\u00fcr zu sorgen, dass die Information, die Sie auf dieser Seite finden k\u00f6nnen, korrekt und vollst\u00e4ndig ist, aber \u00fcbernimmt keine Haftung f\u00fcr Fehler und\/oder fehlende (Teil) Information.<\/p>\n","category_list_v2":"","author_info_v2":{"name":"kwo-admin","url":"https:\/\/www.hoteltesselhof.com\/de\/author\/kwo-admin\/"},"comments_num_v2":"0 comments","_links":{"self":[{"href":"https:\/\/www.hoteltesselhof.com\/de\/wp-json\/wp\/v2\/pages\/2567","targetHints":{"allow":["GET"]}}],"collection":[{"href":"https:\/\/www.hoteltesselhof.com\/de\/wp-json\/wp\/v2\/pages"}],"about":[{"href":"https:\/\/www.hoteltesselhof.com\/de\/wp-json\/wp\/v2\/types\/page"}],"author":[{"embeddable":true,"href":"https:\/\/www.hoteltesselhof.com\/de\/wp-json\/wp\/v2\/users\/6"}],"replies":[{"embeddable":true,"href":"https:\/\/www.hoteltesselhof.com\/de\/wp-json\/wp\/v2\/comments?post=2567"}],"version-history":[{"count":0,"href":"https:\/\/www.hoteltesselhof.com\/de\/wp-json\/wp\/v2\/pages\/2567\/revisions"}],"up":[{"embeddable":true,"href":"https:\/\/www.hoteltesselhof.com\/de\/wp-json\/wp\/v2\/pages\/2723"}],"wp:featuredmedia":[{"embeddable":true,"href":"https:\/\/www.hoteltesselhof.com\/de\/wp-json\/wp\/v2\/media\/1612"}],"wp:attachment":[{"href":"https:\/\/www.hoteltesselhof.com\/de\/wp-json\/wp\/v2\/media?parent=2567"}],"curies":[{"name":"wp","href":"https:\/\/api.w.org\/{rel}","templated":true}]}}